{"id":31,"date":"2015-04-01T12:45:43","date_gmt":"2015-04-01T12:45:43","guid":{"rendered":"http:\/\/beta.steinhof-drucksachen.de\/?page_id=31"},"modified":"2020-05-19T13:59:27","modified_gmt":"2020-05-19T13:59:27","slug":"drucksachen","status":"publish","type":"page","link":"https:\/\/beta.steinhof-drucksachen.de\/","title":{"rendered":"Wilkommen!"},"content":{"rendered":"\n<p class=\"has-text-color has-white-color\">Herzlich Willkommen auf unserer Hompage!<\/p>\n\n\n\n<p>Wir m\u00f6chten Ihnen hier einen kleinen \u00dcberblick \u00fcber unser Angebot verschaffen.<br>Sollte das gew\u00fcnschte Produkt nicht zu finden sein, k\u00f6nnen Sie nat\u00fcrlich sehr<br>gerne mit uns Kontakt aufnehmen. Gemeinsam finden wir sicherlich eine L\u00f6sung!<\/p>\n\n\n\n<blockquote class=\"wp-block-quote is-layout-flow wp-block-quote-is-layout-flow\"><p>Wer aufh\u00f6rt zu werben, um Geld zu sparen,<br>kann ebenso seine Uhr anhalten,<br>um Zeit zu sparen.<\/p><cite>Henry Ford<\/cite><\/blockquote>\n","protected":false},"excerpt":{"rendered":"<p>Herzlich Willkommen auf unserer Hompage! Wir m\u00f6chten Ihnen hier einen kleinen \u00dcberblick \u00fcber unser Angebot verschaffen.Sollte das gew\u00fcnschte Produkt nicht zu finden sein, k\u00f6nnen Sie nat\u00fcrlich sehrgerne mit uns Kontakt<span class=\"more-button\"><a href=\"https:\/\/beta.steinhof-drucksachen.de\/\" class=\"more-link\">weiterlesen&#8230;<span class=\"screen-reader-text\">Wilkommen!<\/span><\/a><\/span><\/p>\n","protected":false},"author":1,"featured_media":0,"parent":0,"menu_order":0,"comment_status":"closed","ping_status":"closed","template":"","meta":{"footnotes":""},"class_list":["post-31","page","type-page","status-publish","hentry"],"_links":{"self":[{"href":"https:\/\/beta.steinhof-drucksachen.de\/index.php?rest_route=\/wp\/v2\/pages\/31","targetHints":{"allow":["GET"]}}],"collection":[{"href":"https:\/\/beta.steinhof-drucksachen.de\/index.php?rest_route=\/wp\/v2\/pages"}],"about":[{"href":"https:\/\/beta.steinhof-drucksachen.de\/index.php?rest_route=\/wp\/v2\/types\/page"}],"author":[{"embeddable":true,"href":"https:\/\/beta.steinhof-drucksachen.de\/index.php?rest_route=\/wp\/v2\/users\/1"}],"replies":[{"embeddable":true,"href":"https:\/\/beta.steinhof-drucksachen.de\/index.php?rest_route=%2Fwp%2Fv2%2Fcomments&post=31"}],"version-history":[{"count":7,"href":"https:\/\/beta.steinhof-drucksachen.de\/index.php?rest_route=\/wp\/v2\/pages\/31\/revisions"}],"predecessor-version":[{"id":319,"href":"https:\/\/beta.steinhof-drucksachen.de\/index.php?rest_route=\/wp\/v2\/pages\/31\/revisions\/319"}],"wp:attachment":[{"href":"https:\/\/beta.steinhof-drucksachen.de\/index.php?rest_route=%2Fwp%2Fv2%2Fmedia&parent=31"}],"curies":[{"name":"wp","href":"https:\/\/api.w.org\/{rel}","templated":true}]}}